{"id":1594,"date":"2025-01-24T21:58:18","date_gmt":"2025-01-24T21:58:18","guid":{"rendered":"https:\/\/kiud.io\/grants\/"},"modified":"2025-07-11T13:31:14","modified_gmt":"2025-07-11T13:31:14","slug":"toetused","status":"publish","type":"page","link":"https:\/\/kiud.io\/et\/toetused\/","title":{"rendered":"Toetused"},"content":{"rendered":"\n<div class=\"wp-block-group has-global-padding is-layout-constrained wp-block-group-is-layout-constrained\" style=\"margin-top:0;margin-bottom:0\">\n<div class=\"wp-block-group alignwide is-vertical is-content-justification-center is-nowrap is-layout-flex wp-container-core-group-is-layout-001c09f4 wp-block-group-is-layout-flex\" style=\"padding-top:8rem;padding-right:8rem;padding-bottom:8rem;padding-left:8rem\">\n<div class=\"wp-block-group has-global-padding is-layout-constrained wp-container-core-group-is-layout-415f85d1 wp-block-group-is-layout-constrained\"><h2 style=\"text-transform:uppercase;letter-spacing:3.6px;\" class=\"has-link-color wp-elements-996ae07fe0e121c3cb6cbb033a769b5d wp-block-post-title has-text-color has-custom-brand-blue-color has-dm-mono-font-family\">Toetused<\/h2><\/div>\n<\/div>\n<\/div>\n\n\n\n<div class=\"wp-block-group has-global-padding is-layout-constrained wp-block-group-is-layout-constrained\" style=\"margin-top:0;margin-bottom:0\">\n<hr class=\"wp-block-separator alignfull has-alpha-channel-opacity stop2\" style=\"margin-top:0;margin-bottom:0\"\/>\n<\/div>\n\n\n\n<main class=\"wp-block-group has-global-padding is-layout-constrained wp-block-group-is-layout-constrained\">\n<div class=\"wp-block-group alignwide has-global-padding is-layout-constrained wp-container-core-group-is-layout-82e5dcde wp-block-group-is-layout-constrained\" style=\"padding-top:8rem;padding-right:8rem;padding-bottom:8rem;padding-left:8rem\">\n<div class=\"wp-block-columns alignwide wo-border is-layout-flex wp-container-core-columns-is-layout-28f84493 wp-block-columns-is-layout-flex\">\n<div class=\"wp-block-column is-layout-flow wp-block-column-is-layout-flow\">\n<div class=\"wp-block-group is-vertical is-layout-flex wp-container-core-group-is-layout-fe9cc265 wp-block-group-is-layout-flex\">\n<figure class=\"wp-block-image size-full is-resized\"><img loading=\"lazy\" decoding=\"async\" width=\"300\" height=\"200\" src=\"https:\/\/kiud.io\/wp-content\/uploads\/2025\/03\/EAS_Suvatehnolooga.png\" alt=\"\" class=\"wp-image-1763\" style=\"width:164px\"\/><\/figure>\n\n\n\n<h3 class=\"wp-block-heading\" id=\"h-suvatehnoloogia-iduettevotja-ariarendusprojektide-toetus-2024\" style=\"font-size:18px\">S\u00fcvatehnoloogia iduettev\u00f5tja \u00e4riarendusprojektide toetus 2024<\/h3>\n\n\n\n<p style=\"font-size:18px\">Projekti eesm\u00e4rk: Testida tekstiilij\u00e4\u00e4tmetest toodetud pakendimaterjali Euroopa premium ja luksusturgudel.<\/p>\n\n\n\n<p style=\"font-size:18px\">EIS rahastas projekti riigieelarvest teadus- ja arendustegevuse rahastamise vahenditest summas \u20ac49 575.<\/p>\n<\/div>\n<\/div>\n\n\n\n<div class=\"wp-block-column is-layout-flow wp-block-column-is-layout-flow\">\n<div class=\"wp-block-group is-vertical is-layout-flex wp-container-core-group-is-layout-fe9cc265 wp-block-group-is-layout-flex\">\n<figure class=\"wp-block-image size-full is-resized\"><img loading=\"lazy\" decoding=\"async\" width=\"300\" height=\"200\" src=\"https:\/\/kiud.io\/wp-content\/uploads\/2025\/03\/EAS_Suvatehnolooga.png\" alt=\"\" class=\"wp-image-1763\" style=\"width:164px;height:auto\"\/><\/figure>\n\n\n\n<h3 class=\"wp-block-heading\" id=\"h-arendusosak-2024\" style=\"font-size:18px\">Arendusosak<br>2024<\/h3>\n\n\n\n<p style=\"font-size:18px\">Projekti eesm\u00e4rk: T\u00f6\u00f6tada v\u00e4lja tarbimisj\u00e4rgsetest tekstiilij\u00e4\u00e4tmetest valmistatud e-kaubanduse pakendimaterjali laboatoorne protot\u00fc\u00fcp.<\/p>\n\n\n\n<p style=\"font-size:18px\">EIS rahastas projekti riigieelarvest teadus- ja arendustegevuse rahastamise vahenditest summas \u20ac34 640<\/p>\n<\/div>\n<\/div>\n\n\n\n<div class=\"wp-block-column is-layout-flow wp-block-column-is-layout-flow\">\n<div class=\"wp-block-group is-nowrap is-layout-flex wp-container-core-group-is-layout-6c531013 wp-block-group-is-layout-flex\">\n<div class=\"wp-block-group is-vertical is-layout-flex wp-container-core-group-is-layout-fe9cc265 wp-block-group-is-layout-flex\">\n<figure class=\"wp-block-image size-full is-resized\"><img loading=\"lazy\" decoding=\"async\" width=\"300\" height=\"200\" src=\"https:\/\/kiud.io\/wp-content\/uploads\/2025\/03\/EAS_Suvatehnolooga.png\" alt=\"\" class=\"wp-image-1763\" style=\"width:164px;height:auto\"\/><\/figure>\n\n\n\n<h3 class=\"wp-block-heading\" id=\"h-loomeettevotjate-ekspordivoimekuse-arendamise-toetus-2025\" style=\"font-size:18px\">Loomeettev\u00f5tjate ekspordiv\u00f5imekuse arendamise toetus<br>2025<\/h3>\n\n\n\n<p style=\"font-size:18px\">Projekti eesm\u00e4rk: Rahvusvahelise n\u00e4htavuse kasvatamine EU sihtturul, ekspordim\u00fc\u00fcgi kasvatamine, osalemine valdkonna messidel, uudse lahenduse piloteerimine.<\/p>\n\n\n\n<p style=\"font-size:18px\">EIS rahastas projekti riigieelarvest teadus- ja arendustegevuse rahastamise vahenditest summas \u20ac50 000<\/p>\n<\/div>\n<\/div>\n<\/div>\n\n\n\n<div class=\"wp-block-column is-layout-flow wp-block-column-is-layout-flow\">\n<div class=\"wp-block-group is-vertical is-layout-flex wp-container-core-group-is-layout-fe9cc265 wp-block-group-is-layout-flex\">\n<figure class=\"wp-block-image size-large is-resized\"><img loading=\"lazy\" decoding=\"async\" width=\"1024\" height=\"385\" src=\"https:\/\/kiud.io\/wp-content\/uploads\/2025\/01\/WomenTechEU_Logo_Vertical_FullColour_RGB_01_EXTRA_LARGE-1-1024x385.png\" alt=\"\" class=\"wp-image-385\" style=\"aspect-ratio:1.5;object-fit:contain;width:164px;height:auto\" srcset=\"https:\/\/kiud.io\/wp-content\/uploads\/2025\/01\/WomenTechEU_Logo_Vertical_FullColour_RGB_01_EXTRA_LARGE-1-1024x385.png 1024w, https:\/\/kiud.io\/wp-content\/uploads\/2025\/01\/WomenTechEU_Logo_Vertical_FullColour_RGB_01_EXTRA_LARGE-1-300x113.png 300w, https:\/\/kiud.io\/wp-content\/uploads\/2025\/01\/WomenTechEU_Logo_Vertical_FullColour_RGB_01_EXTRA_LARGE-1-768x289.png 768w, https:\/\/kiud.io\/wp-content\/uploads\/2025\/01\/WomenTechEU_Logo_Vertical_FullColour_RGB_01_EXTRA_LARGE-1-1536x577.png 1536w, https:\/\/kiud.io\/wp-content\/uploads\/2025\/01\/WomenTechEU_Logo_Vertical_FullColour_RGB_01_EXTRA_LARGE-1-2048x770.png 2048w\" sizes=\"auto, (max-width: 1024px) 100vw, 1024px\" \/><\/figure>\n\n\n\n<h3 class=\"wp-block-heading\" id=\"h-women-techeu-2024\" style=\"font-size:18px\">Women TechEU<br>2024<\/h3>\n\n\n\n<p style=\"font-size:18px\">2-aastane ELi rahastatud projekt, mis toetab naisi juhtivate s\u00fcvatehnoloogia idufirmade eest Euroopas ja assotsieerunud riikides.<\/p>\n\n\n\n<p style=\"font-size:18px\">KIUD sai 75 000 eurot toetusraha, millele lisandusid muud teenused, nagu t\u00f6\u00f6toad, koolitused ja mentorlused.<\/p>\n<\/div>\n<\/div>\n<\/div>\n<\/div>\n<\/main>\n","protected":false},"excerpt":{"rendered":"<p>S\u00fcvatehnoloogia iduettev\u00f5tja \u00e4riarendusprojektide toetus 2024 Projekti eesm\u00e4rk: Testida tekstiilij\u00e4\u00e4tmetest toodetud pakendimaterjali Euroopa premium ja luksusturgudel. EIS rahastas projekti riigieelarvest teadus- ja arendustegevuse rahastamise vahenditest summas \u20ac49 575. Arendusosak2024 Projekti eesm\u00e4rk: T\u00f6\u00f6tada v\u00e4lja tarbimisj\u00e4rgsetest tekstiilij\u00e4\u00e4tmetest valmistatud e-kaubanduse pakendimaterjali laboatoorne protot\u00fc\u00fcp. EIS rahastas projekti riigieelarvest teadus- ja arendustegevuse rahastamise vahenditest summas \u20ac34 640 Loomeettev\u00f5tjate ekspordiv\u00f5imekuse arendamise toetus2025 [&hellip;]<\/p>\n","protected":false},"author":1,"featured_media":1763,"parent":0,"menu_order":0,"comment_status":"closed","ping_status":"closed","template":"","meta":{"footnotes":""},"class_list":["post-1594","page","type-page","status-publish","has-post-thumbnail","hentry"],"yoast_head":"<!-- This site is optimized with the Yoast SEO Premium plugin v24.6 (Yoast SEO v26.7) - https:\/\/yoast.com\/wordpress\/plugins\/seo\/ -->\n<title>Toetused - KIUD | Uudsed pakendid tekstiilij\u00e4\u00e4tmetest<\/title>\n<meta name=\"robots\" content=\"index, follow, max-snippet:-1, max-image-preview:large, max-video-preview:-1\" \/>\n<link rel=\"canonical\" href=\"https:\/\/kiud.io\/et\/toetused\/\" \/>\n<meta property=\"og:locale\" content=\"et_EE\" \/>\n<meta property=\"og:type\" content=\"article\" \/>\n<meta property=\"og:title\" content=\"Toetused\" \/>\n<meta property=\"og:description\" content=\"S\u00fcvatehnoloogia iduettev\u00f5tja \u00e4riarendusprojektide toetus 2024 Projekti eesm\u00e4rk: Testida tekstiilij\u00e4\u00e4tmetest toodetud pakendimaterjali Euroopa premium ja luksusturgudel. EIS rahastas projekti riigieelarvest teadus- ja arendustegevuse rahastamise vahenditest summas \u20ac49 575. Arendusosak2024 Projekti eesm\u00e4rk: T\u00f6\u00f6tada v\u00e4lja tarbimisj\u00e4rgsetest tekstiilij\u00e4\u00e4tmetest valmistatud e-kaubanduse pakendimaterjali laboatoorne protot\u00fc\u00fcp. EIS rahastas projekti riigieelarvest teadus- ja arendustegevuse rahastamise vahenditest summas \u20ac34 640 Loomeettev\u00f5tjate ekspordiv\u00f5imekuse arendamise toetus2025 [&hellip;]\" \/>\n<meta property=\"og:url\" content=\"https:\/\/kiud.io\/et\/toetused\/\" \/>\n<meta property=\"og:site_name\" content=\"KIUD | Uudsed pakendid tekstiilij\u00e4\u00e4tmetest\" \/>\n<meta property=\"article:publisher\" content=\"https:\/\/www.facebook.com\/kiudpackaging\/\" \/>\n<meta property=\"article:modified_time\" content=\"2025-07-11T13:31:14+00:00\" \/>\n<meta property=\"og:image\" content=\"https:\/\/kiud.io\/wp-content\/uploads\/2025\/03\/EAS_Suvatehnolooga.png\" \/>\n<meta name=\"twitter:card\" content=\"summary_large_image\" \/>\n<meta name=\"twitter:label1\" content=\"Est. reading time\" \/>\n\t<meta name=\"twitter:data1\" content=\"1 minut\" \/>\n<script type=\"application\/ld+json\" class=\"yoast-schema-graph\">{\"@context\":\"https:\/\/schema.org\",\"@graph\":[{\"@type\":\"WebPage\",\"@id\":\"https:\/\/kiud.io\/et\/toetused\/\",\"url\":\"https:\/\/kiud.io\/et\/toetused\/\",\"name\":\"Toetused - KIUD | Uudsed pakendid tekstiilij\u00e4\u00e4tmetest\",\"isPartOf\":{\"@id\":\"https:\/\/kiud.io\/et\/#website\"},\"primaryImageOfPage\":{\"@id\":\"https:\/\/kiud.io\/et\/toetused\/#primaryimage\"},\"image\":{\"@id\":\"https:\/\/kiud.io\/et\/toetused\/#primaryimage\"},\"thumbnailUrl\":\"https:\/\/kiud.io\/wp-content\/uploads\/2025\/03\/EAS_Suvatehnolooga.png\",\"datePublished\":\"2025-01-24T21:58:18+00:00\",\"dateModified\":\"2025-07-11T13:31:14+00:00\",\"breadcrumb\":{\"@id\":\"https:\/\/kiud.io\/et\/toetused\/#breadcrumb\"},\"inLanguage\":\"et\",\"potentialAction\":[{\"@type\":\"ReadAction\",\"target\":[\"https:\/\/kiud.io\/et\/toetused\/\"]}]},{\"@type\":\"ImageObject\",\"inLanguage\":\"et\",\"@id\":\"https:\/\/kiud.io\/et\/toetused\/#primaryimage\",\"url\":\"https:\/\/kiud.io\/wp-content\/uploads\/2025\/03\/EAS_Suvatehnolooga.png\",\"contentUrl\":\"https:\/\/kiud.io\/wp-content\/uploads\/2025\/03\/EAS_Suvatehnolooga.png\",\"width\":300,\"height\":200},{\"@type\":\"BreadcrumbList\",\"@id\":\"https:\/\/kiud.io\/et\/toetused\/#breadcrumb\",\"itemListElement\":[{\"@type\":\"ListItem\",\"position\":1,\"name\":\"Avalahet\",\"item\":\"https:\/\/kiud.io\/et\/\"},{\"@type\":\"ListItem\",\"position\":2,\"name\":\"Toetused\"}]},{\"@type\":\"WebSite\",\"@id\":\"https:\/\/kiud.io\/et\/#website\",\"url\":\"https:\/\/kiud.io\/et\/\",\"name\":\"KIUD | Uudsed pakendid tekstiilij\u00e4\u00e4tmetest\",\"description\":\"Uudsed pakendid tekstiilij\u00e4\u00e4tmetest\",\"publisher\":{\"@id\":\"https:\/\/kiud.io\/et\/#organization\"},\"potentialAction\":[{\"@type\":\"SearchAction\",\"target\":{\"@type\":\"EntryPoint\",\"urlTemplate\":\"https:\/\/kiud.io\/et\/?s={search_term_string}\"},\"query-input\":{\"@type\":\"PropertyValueSpecification\",\"valueRequired\":true,\"valueName\":\"search_term_string\"}}],\"inLanguage\":\"et\"},{\"@type\":\"Organization\",\"@id\":\"https:\/\/kiud.io\/et\/#organization\",\"name\":\"KIUD | Uudsed pakendid tekstiilij\u00e4\u00e4tmetest\",\"url\":\"https:\/\/kiud.io\/et\/\",\"logo\":{\"@type\":\"ImageObject\",\"inLanguage\":\"et\",\"@id\":\"https:\/\/kiud.io\/et\/#\/schema\/logo\/image\/\",\"url\":\"https:\/\/kiud.io\/wp-content\/uploads\/2025\/01\/cropped-Site-logo-2000x1000px.png\",\"contentUrl\":\"https:\/\/kiud.io\/wp-content\/uploads\/2025\/01\/cropped-Site-logo-2000x1000px.png\",\"width\":2000,\"height\":804,\"caption\":\"KIUD | Uudsed pakendid tekstiilij\u00e4\u00e4tmetest\"},\"image\":{\"@id\":\"https:\/\/kiud.io\/et\/#\/schema\/logo\/image\/\"},\"sameAs\":[\"https:\/\/www.facebook.com\/kiudpackaging\/\",\"http:\/\/linkedin.com\/company\/kiud-packaging\",\"https:\/\/www.instagram.com\/kiudpackaging\/\"]}]}<\/script>\n<!-- \/ Yoast SEO Premium plugin. -->","yoast_head_json":{"title":"Toetused - KIUD | Uudsed pakendid tekstiilij\u00e4\u00e4tmetest","robots":{"index":"index","follow":"follow","max-snippet":"max-snippet:-1","max-image-preview":"max-image-preview:large","max-video-preview":"max-video-preview:-1"},"canonical":"https:\/\/kiud.io\/et\/toetused\/","og_locale":"et_EE","og_type":"article","og_title":"Toetused","og_description":"S\u00fcvatehnoloogia iduettev\u00f5tja \u00e4riarendusprojektide toetus 2024 Projekti eesm\u00e4rk: Testida tekstiilij\u00e4\u00e4tmetest toodetud pakendimaterjali Euroopa premium ja luksusturgudel. EIS rahastas projekti riigieelarvest teadus- ja arendustegevuse rahastamise vahenditest summas \u20ac49 575. Arendusosak2024 Projekti eesm\u00e4rk: T\u00f6\u00f6tada v\u00e4lja tarbimisj\u00e4rgsetest tekstiilij\u00e4\u00e4tmetest valmistatud e-kaubanduse pakendimaterjali laboatoorne protot\u00fc\u00fcp. EIS rahastas projekti riigieelarvest teadus- ja arendustegevuse rahastamise vahenditest summas \u20ac34 640 Loomeettev\u00f5tjate ekspordiv\u00f5imekuse arendamise toetus2025 [&hellip;]","og_url":"https:\/\/kiud.io\/et\/toetused\/","og_site_name":"KIUD | Uudsed pakendid tekstiilij\u00e4\u00e4tmetest","article_publisher":"https:\/\/www.facebook.com\/kiudpackaging\/","article_modified_time":"2025-07-11T13:31:14+00:00","og_image":[{"url":"https:\/\/kiud.io\/wp-content\/uploads\/2025\/03\/EAS_Suvatehnolooga.png","type":"","width":"","height":""}],"twitter_card":"summary_large_image","twitter_misc":{"Est. reading time":"1 minut"},"schema":{"@context":"https:\/\/schema.org","@graph":[{"@type":"WebPage","@id":"https:\/\/kiud.io\/et\/toetused\/","url":"https:\/\/kiud.io\/et\/toetused\/","name":"Toetused - KIUD | Uudsed pakendid tekstiilij\u00e4\u00e4tmetest","isPartOf":{"@id":"https:\/\/kiud.io\/et\/#website"},"primaryImageOfPage":{"@id":"https:\/\/kiud.io\/et\/toetused\/#primaryimage"},"image":{"@id":"https:\/\/kiud.io\/et\/toetused\/#primaryimage"},"thumbnailUrl":"https:\/\/kiud.io\/wp-content\/uploads\/2025\/03\/EAS_Suvatehnolooga.png","datePublished":"2025-01-24T21:58:18+00:00","dateModified":"2025-07-11T13:31:14+00:00","breadcrumb":{"@id":"https:\/\/kiud.io\/et\/toetused\/#breadcrumb"},"inLanguage":"et","potentialAction":[{"@type":"ReadAction","target":["https:\/\/kiud.io\/et\/toetused\/"]}]},{"@type":"ImageObject","inLanguage":"et","@id":"https:\/\/kiud.io\/et\/toetused\/#primaryimage","url":"https:\/\/kiud.io\/wp-content\/uploads\/2025\/03\/EAS_Suvatehnolooga.png","contentUrl":"https:\/\/kiud.io\/wp-content\/uploads\/2025\/03\/EAS_Suvatehnolooga.png","width":300,"height":200},{"@type":"BreadcrumbList","@id":"https:\/\/kiud.io\/et\/toetused\/#breadcrumb","itemListElement":[{"@type":"ListItem","position":1,"name":"Avalahet","item":"https:\/\/kiud.io\/et\/"},{"@type":"ListItem","position":2,"name":"Toetused"}]},{"@type":"WebSite","@id":"https:\/\/kiud.io\/et\/#website","url":"https:\/\/kiud.io\/et\/","name":"KIUD | Uudsed pakendid tekstiilij\u00e4\u00e4tmetest","description":"Uudsed pakendid tekstiilij\u00e4\u00e4tmetest","publisher":{"@id":"https:\/\/kiud.io\/et\/#organization"},"potentialAction":[{"@type":"SearchAction","target":{"@type":"EntryPoint","urlTemplate":"https:\/\/kiud.io\/et\/?s={search_term_string}"},"query-input":{"@type":"PropertyValueSpecification","valueRequired":true,"valueName":"search_term_string"}}],"inLanguage":"et"},{"@type":"Organization","@id":"https:\/\/kiud.io\/et\/#organization","name":"KIUD | Uudsed pakendid tekstiilij\u00e4\u00e4tmetest","url":"https:\/\/kiud.io\/et\/","logo":{"@type":"ImageObject","inLanguage":"et","@id":"https:\/\/kiud.io\/et\/#\/schema\/logo\/image\/","url":"https:\/\/kiud.io\/wp-content\/uploads\/2025\/01\/cropped-Site-logo-2000x1000px.png","contentUrl":"https:\/\/kiud.io\/wp-content\/uploads\/2025\/01\/cropped-Site-logo-2000x1000px.png","width":2000,"height":804,"caption":"KIUD | Uudsed pakendid tekstiilij\u00e4\u00e4tmetest"},"image":{"@id":"https:\/\/kiud.io\/et\/#\/schema\/logo\/image\/"},"sameAs":["https:\/\/www.facebook.com\/kiudpackaging\/","http:\/\/linkedin.com\/company\/kiud-packaging","https:\/\/www.instagram.com\/kiudpackaging\/"]}]}},"_links":{"self":[{"href":"https:\/\/kiud.io\/et\/wp-json\/wp\/v2\/pages\/1594","targetHints":{"allow":["GET"]}}],"collection":[{"href":"https:\/\/kiud.io\/et\/wp-json\/wp\/v2\/pages"}],"about":[{"href":"https:\/\/kiud.io\/et\/wp-json\/wp\/v2\/types\/page"}],"author":[{"embeddable":true,"href":"https:\/\/kiud.io\/et\/wp-json\/wp\/v2\/users\/1"}],"replies":[{"embeddable":true,"href":"https:\/\/kiud.io\/et\/wp-json\/wp\/v2\/comments?post=1594"}],"version-history":[{"count":3,"href":"https:\/\/kiud.io\/et\/wp-json\/wp\/v2\/pages\/1594\/revisions"}],"predecessor-version":[{"id":1812,"href":"https:\/\/kiud.io\/et\/wp-json\/wp\/v2\/pages\/1594\/revisions\/1812"}],"wp:featuredmedia":[{"embeddable":true,"href":"https:\/\/kiud.io\/et\/wp-json\/wp\/v2\/media\/1763"}],"wp:attachment":[{"href":"https:\/\/kiud.io\/et\/wp-json\/wp\/v2\/media?parent=1594"}],"curies":[{"name":"wp","href":"https:\/\/api.w.org\/{rel}","templated":true}]}}